{"id":11145,"date":"2015-05-06T18:29:11","date_gmt":"2015-05-06T16:29:11","guid":{"rendered":"http:\/\/lambassa.de\/?page_id=11145"},"modified":"2024-12-12T22:10:26","modified_gmt":"2024-12-12T20:10:26","slug":"donner","status":"publish","type":"page","link":"http:\/\/lambassa.de\/?page_id=11145","title":{"rendered":"Le financement"},"content":{"rendered":"<p><div class=\"fusion-fullwidth fullwidth-box fusion-builder-row-1 nonhundred-percent-fullwidth non-hundred-percent-height-scrolling\" style=\"--awb-background-position:left top;--awb-border-radius-top-left:0px;--awb-border-radius-top-right:0px;--awb-border-radius-bottom-right:0px;--awb-border-radius-bottom-left:0px;--awb-padding-top:20px;--awb-padding-right:0px;--awb-padding-bottom:20px;--awb-padding-left:0px;--awb-border-sizes-top:0px;--awb-border-sizes-bottom:0px;--awb-flex-wrap:wrap;\" ><div class=\"fusion-builder-row fusion-row\"><div class=\"fusion-layout-column fusion_builder_column fusion-builder-column-0 fusion_builder_column_3_4 3_4 fusion-three-fourth fusion-column-first\" style=\"--awb-bg-size:cover;width:74%; margin-right: 4%;\"><div class=\"fusion-column-wrapper fusion-flex-column-wrapper-legacy\"><div class=\"fusion-title title fusion-title-1 fusion-title-text fusion-title-size-one\"><h1 class=\"fusion-title-heading title-heading-left fusion-responsive-typography-calculated\" style=\"margin:0;--fontSize:34;line-height:1.41;\">Fonctionnement de l&rsquo;association<\/h1><span class=\"awb-title-spacer\"><\/span><div class=\"title-sep-container\"><div class=\"title-sep sep-single sep-solid\" style=\"border-color:#3e3e3e;\"><\/div><\/div><\/div><div class=\"fusion-text fusion-text-1\"><p>L&rsquo;Ambassade est une association sans but lucratif reconnue officiellement d&rsquo;int\u00e9r\u00eat g\u00e9n\u00e9ral.<\/p>\n<p>Tous ceux qui participent \u00e0 son fonctionnement sont b\u00e9n\u00e9voles.<\/p>\n<p>Les frais de fonctionnement sont couverts par les adh\u00e9sions et les ventes de consommations.<br \/>\nPour permettre \u00e0 l&rsquo;association d&rsquo;\u00eatre accessible \u00e0 tous, les tarifs des prestations propos\u00e9es sont calcul\u00e9s au plus juste.<\/p>\n<\/div><div class=\"fusion-clearfix\"><\/div><\/div><\/div><div class=\"fusion-layout-column fusion_builder_column fusion-builder-column-1 fusion_builder_column_1_4 1_4 fusion-one-fourth fusion-column-last\" style=\"--awb-bg-size:cover;width:22%;\"><div class=\"fusion-column-wrapper fusion-flex-column-wrapper-legacy\"><div class=\"fusion-image-element in-legacy-container\" style=\"--awb-caption-title-font-family:var(--h2_typography-font-family);--awb-caption-title-font-weight:var(--h2_typography-font-weight);--awb-caption-title-font-style:var(--h2_typography-font-style);--awb-caption-title-size:var(--h2_typography-font-size);--awb-caption-title-transform:var(--h2_typography-text-transform);--awb-caption-title-line-height:var(--h2_typography-line-height);--awb-caption-title-letter-spacing:var(--h2_typography-letter-spacing);\"><span class=\" fusion-imageframe imageframe-none imageframe-1 hover-type-none\"><img decoding=\"async\" width=\"682\" height=\"1024\" title=\"4221291984_3df758214b_o\" src=\"http:\/\/lambassa.de\/wp-content\/uploads\/2015\/05\/4221291984_3df758214b_o.jpg\" alt class=\"img-responsive wp-image-11147\" srcset=\"http:\/\/lambassa.de\/wp-content\/uploads\/2015\/05\/4221291984_3df758214b_o-200x300.jpg 200w, http:\/\/lambassa.de\/wp-content\/uploads\/2015\/05\/4221291984_3df758214b_o.jpg 682w\" sizes=\"(max-width: 1120px) 100vw, 682px\" \/><\/span><\/div><div class=\"fusion-text fusion-text-2\"><p><a title=\"spinning gears by Brent 2.0, on Flickr\" href=\"https:\/\/www.flickr.com\/photos\/brentinoz\/4221291984\" target=\"_blank\" rel=\"noopener\">spinning gears by Brent 2.0, on\u00a0Flickr<\/a><\/p>\n<\/div><div class=\"fusion-clearfix\"><\/div><\/div><\/div><\/div><\/div><div class=\"fusion-fullwidth fullwidth-box fusion-builder-row-2 nonhundred-percent-fullwidth non-hundred-percent-height-scrolling\" style=\"--awb-background-position:left top;--awb-border-radius-top-left:0px;--awb-border-radius-top-right:0px;--awb-border-radius-bottom-right:0px;--awb-border-radius-bottom-left:0px;--awb-padding-top:20px;--awb-padding-right:0px;--awb-padding-bottom:20px;--awb-padding-left:0px;--awb-border-sizes-top:0px;--awb-border-sizes-bottom:0px;--awb-flex-wrap:wrap;\" ><div class=\"fusion-builder-row fusion-row\"><div class=\"fusion-layout-column fusion_builder_column fusion-builder-column-2 fusion_builder_column_1_4 1_4 fusion-one-fourth fusion-column-first\" style=\"--awb-bg-size:cover;width:22%; margin-right: 4%;\"><div class=\"fusion-column-wrapper fusion-flex-column-wrapper-legacy\"><div class=\"fusion-image-element in-legacy-container\" style=\"--awb-caption-title-font-family:var(--h2_typography-font-family);--awb-caption-title-font-weight:var(--h2_typography-font-weight);--awb-caption-title-font-style:var(--h2_typography-font-style);--awb-caption-title-size:var(--h2_typography-font-size);--awb-caption-title-transform:var(--h2_typography-text-transform);--awb-caption-title-line-height:var(--h2_typography-line-height);--awb-caption-title-letter-spacing:var(--h2_typography-letter-spacing);\"><span class=\" fusion-imageframe imageframe-none imageframe-2 hover-type-none\"><img decoding=\"async\" width=\"683\" height=\"1024\" title=\"2638883650_c81be722ba_b\" src=\"http:\/\/lambassa.de\/wp-content\/uploads\/2015\/05\/2638883650_c81be722ba_b.jpg\" alt class=\"img-responsive wp-image-11150\" srcset=\"http:\/\/lambassa.de\/wp-content\/uploads\/2015\/05\/2638883650_c81be722ba_b-200x300.jpg 200w, http:\/\/lambassa.de\/wp-content\/uploads\/2015\/05\/2638883650_c81be722ba_b.jpg 683w\" sizes=\"(max-width: 1120px) 100vw, 683px\" \/><\/span><\/div><div class=\"fusion-text fusion-text-3\"><p><a title=\"Piggy savings bank by Alan Cleaver, on Flickr\" href=\"https:\/\/www.flickr.com\/photos\/alancleaver\/2638883650\" target=\"_blank\" rel=\"noopener\">Piggy savings bank by Alan Cleaver, on\u00a0Flickr<\/a><\/p>\n<\/div><div class=\"fusion-clearfix\"><\/div><\/div><\/div><div class=\"fusion-layout-column fusion_builder_column fusion-builder-column-3 fusion_builder_column_3_4 3_4 fusion-three-fourth fusion-column-last\" style=\"--awb-bg-size:cover;width:74%;\"><div class=\"fusion-column-wrapper fusion-flex-column-wrapper-legacy\"><div class=\"fusion-title title fusion-title-2 fusion-title-text fusion-title-size-one\"><h1 class=\"fusion-title-heading title-heading-left fusion-responsive-typography-calculated\" style=\"margin:0;--fontSize:34;line-height:1.41;\">A quoi servent les dons ?<\/h1><span class=\"awb-title-spacer\"><\/span><div class=\"title-sep-container\"><div class=\"title-sep sep-single sep-solid\" style=\"border-color:#3e3e3e;\"><\/div><\/div><\/div><div class=\"fusion-text fusion-text-4\"><p>Dans un premier temps les dons ont tous \u00e9t\u00e9 affect\u00e9s aux travaux d&rsquo;am\u00e9nagement de notre local.<\/p>\n<p>Ils ont servi durant les travaux \u00e0 :<\/p>\n<ul>\n<li>acheter les mat\u00e9riaux n\u00e9cessaires<\/li>\n<li>payer les prestations qui requi\u00e8rent l&rsquo;intervention d&rsquo;un personnel qualifi\u00e9<\/li>\n<\/ul>\n<p>Les travaux\u00a0\u00e9tant effectu\u00e9s par des b\u00e9n\u00e9voles, leur montant et celui des am\u00e9nagements est estim\u00e9 \u00e0 environ\u00a065\u2009000 \u20ac.<\/p>\n<div class=\"fusion-counters-circle counters-circle\" data-animationOffset=\"top-into-view\">\n<div class=\"counter-circle-wrapper\" style=\"--awb-font-size:50px;--awb-size:220px;\" data-originalsize=\"220\"><div class=\"fusion-counter-circle counter-circle counter-circle-content\" data-percent=\"100\" data-countdown=\"\" data-filledcolor=\"rgba(160,206,78,1)\" data-unfilledcolor=\"rgba(62,62,62,1)\" data-scale=\"1\" data-size=\"220\" data-speed=\"1500\" data-strokesize=\"11\"><div class=\"fusion-counter-circle-content-inner\">Finance<\/div><\/div><\/div>\n<div class=\"counter-circle-wrapper\" style=\"--awb-font-size:50px;--awb-size:220px;\" data-originalsize=\"220\"><div class=\"fusion-counter-circle counter-circle counter-circle-content\" data-percent=\"100\" data-countdown=\"\" data-filledcolor=\"rgba(160,206,78,1)\" data-unfilledcolor=\"rgba(62,62,62,1)\" data-scale=\"1\" data-size=\"220\" data-speed=\"1500\" data-strokesize=\"11\"><div class=\"fusion-counter-circle-content-inner\">Travail<\/div><\/div><\/div>\n<\/div>\n<p>Vos dons\u00a0permettent maintenant\u00a0de financer des am\u00e9nagements int\u00e9rieurs suppl\u00e9mentaires ou le renouvellement de mat\u00e9riel.<\/p>\n<\/div><div class=\"fusion-clearfix\"><\/div><\/div><\/div><\/div><\/div><div class=\"fusion-fullwidth fullwidth-box fusion-builder-row-3 nonhundred-percent-fullwidth non-hundred-percent-height-scrolling\" style=\"--awb-background-position:left top;--awb-border-radius-top-left:0px;--awb-border-radius-top-right:0px;--awb-border-radius-bottom-right:0px;--awb-border-radius-bottom-left:0px;--awb-padding-top:20px;--awb-padding-right:0px;--awb-padding-bottom:20px;--awb-padding-left:0px;--awb-border-sizes-top:0px;--awb-border-sizes-bottom:0px;--awb-flex-wrap:wrap;\" ><div class=\"fusion-builder-row fusion-row\"><div class=\"fusion-layout-column fusion_builder_column fusion-builder-column-4 fusion_builder_column_3_4 3_4 fusion-three-fourth fusion-column-first\" style=\"--awb-bg-size:cover;width:74%; margin-right: 4%;\"><div class=\"fusion-column-wrapper fusion-flex-column-wrapper-legacy\"><div class=\"fusion-title title fusion-title-3 fusion-title-text fusion-title-size-one\"><h1 class=\"fusion-title-heading title-heading-left fusion-responsive-typography-calculated\" style=\"margin:0;--fontSize:34;line-height:1.41;\"><\/h1><span class=\"awb-title-spacer\"><\/span><div class=\"title-sep-container\"><div class=\"title-sep sep-single sep-solid\" style=\"border-color:#3e3e3e;\"><\/div><\/div><\/div><div class=\"fusion-text fusion-text-5\"><div class=\"fusion-builder-row fusion-builder-row-inner fusion-row\"><div class=\"fusion-layout-column fusion_builder_column_inner fusion-builder-nested-column-0 fusion_builder_column_inner_1_2 1_2 fusion-one-half fusion-column-first\" style=\"--awb-bg-size:cover;width:48%; margin-right: 4%;\"><div class=\"fusion-column-wrapper fusion-flex-column-wrapper-legacy\"><div class=\"fusion-clearfix\"><\/div><\/div><\/div>\n<div class=\"fusion-layout-column fusion_builder_column_inner fusion-builder-nested-column-1 fusion_builder_column_inner_1_1 1_1 fusion-one-full fusion-column-last\" style=\"--awb-bg-size:cover;\"><div class=\"fusion-column-wrapper fusion-flex-column-wrapper-legacy\">\n<div class=\"fusion-clearfix\"><\/div><\/div><\/div><\/div>\n<h3><\/h3>\n<div class=\"fusion-table table-1\">\n<p>&nbsp;<\/p>\n<\/div>\n<\/div><div class=\"fusion-clearfix\"><\/div><\/div><\/div><div class=\"fusion-layout-column fusion_builder_column fusion-builder-column-5 fusion_builder_column_1_4 1_4 fusion-one-fourth fusion-column-last\" style=\"--awb-bg-size:cover;width:22%;\"><div class=\"fusion-column-wrapper fusion-flex-column-wrapper-legacy\"><div class=\"fusion-image-element in-legacy-container\" style=\"--awb-caption-title-font-family:var(--h2_typography-font-family);--awb-caption-title-font-weight:var(--h2_typography-font-weight);--awb-caption-title-font-style:var(--h2_typography-font-style);--awb-caption-title-size:var(--h2_typography-font-size);--awb-caption-title-transform:var(--h2_typography-text-transform);--awb-caption-title-line-height:var(--h2_typography-line-height);--awb-caption-title-letter-spacing:var(--h2_typography-letter-spacing);\"><span class=\" fusion-imageframe imageframe-none imageframe-3 hover-type-none\"><img decoding=\"async\" src=\" \" alt class=\"img-responsive\"\/><\/span><\/div><div class=\"fusion-clearfix\"><\/div><\/div><\/div><\/div><\/div><\/p>\n","protected":false},"excerpt":{"rendered":"","protected":false},"author":2,"featured_media":0,"parent":0,"menu_order":0,"comment_status":"closed","ping_status":"closed","template":"","meta":{"footnotes":""},"class_list":["post-11145","page","type-page","status-publish","hentry"],"_links":{"self":[{"href":"http:\/\/lambassa.de\/index.php?rest_route=\/wp\/v2\/pages\/11145","targetHints":{"allow":["GET"]}}],"collection":[{"href":"http:\/\/lambassa.de\/index.php?rest_route=\/wp\/v2\/pages"}],"about":[{"href":"http:\/\/lambassa.de\/index.php?rest_route=\/wp\/v2\/types\/page"}],"author":[{"embeddable":true,"href":"http:\/\/lambassa.de\/index.php?rest_route=\/wp\/v2\/users\/2"}],"replies":[{"embeddable":true,"href":"http:\/\/lambassa.de\/index.php?rest_route=%2Fwp%2Fv2%2Fcomments&post=11145"}],"version-history":[{"count":35,"href":"http:\/\/lambassa.de\/index.php?rest_route=\/wp\/v2\/pages\/11145\/revisions"}],"predecessor-version":[{"id":11926,"href":"http:\/\/lambassa.de\/index.php?rest_route=\/wp\/v2\/pages\/11145\/revisions\/11926"}],"wp:attachment":[{"href":"http:\/\/lambassa.de\/index.php?rest_route=%2Fwp%2Fv2%2Fmedia&parent=11145"}],"curies":[{"name":"wp","href":"https:\/\/api.w.org\/{rel}","templated":true}]}}